{"id":2,"date":"2020-08-14T13:22:38","date_gmt":"2020-08-14T11:22:38","guid":{"rendered":"http:\/\/www.waellisch.de\/consulting\/?page_id=2"},"modified":"2020-12-19T19:31:39","modified_gmt":"2020-12-19T18:31:39","slug":"beispiel-seite","status":"publish","type":"page","link":"http:\/\/www.waellisch.de\/consulting\/","title":{"rendered":"waellisch.de"},"content":{"rendered":"\n<div class=\"wp-block-media-text alignwide has-media-on-the-right is-stacked-on-mobile is-image-fill\" style=\"grid-template-columns:auto 42%\"><figure class=\"wp-block-media-text__media\" style=\"background-image:url(http:\/\/www.waellisch.de\/consulting\/wp-content\/uploads\/2020\/12\/IMG-20180325-WA0106.jpg);background-position:50% 50%\"><img loading=\"lazy\" width=\"1280\" height=\"960\" src=\"http:\/\/www.waellisch.de\/consulting\/wp-content\/uploads\/2020\/12\/IMG-20180325-WA0106.jpg\" alt=\"\" class=\"wp-image-109 size-full\"\/><\/figure><div class=\"wp-block-media-text__content\">\n<p class=\"has-normal-font-size\">Auf waellisch.de gibt es Artikel, Pr\u00e4sentationen und Skripte zu den Themengebieten <a href=\"http:\/\/www.waellisch.de\/consulting\/beispiel-seite\/betriebswirtschaft\/\">Betriebswirtschaftslehre<\/a> und <a href=\"http:\/\/www.waellisch.de\/consulting\/beispiel-seite\/wirtschaftsinformatik\/\">Wirtschaftsinformatik<\/a>.<\/p>\n\n\n\n<p class=\"has-normal-font-size\">Viel Spass auch beim <a href=\"http:\/\/www.waellisch.de\/consulting\/beispiel-seite\/musicsteam\/\">Music Streaming<\/a> mit den besten Spotify Playlists.<\/p>\n\n\n\n<p>Design &amp; Content by Thomas W\u00e4llisch. Dies ist eine nichtkommerzielle Seite. Zum Thema Datenschutz lesen Sie unsere Datenschutzerkl\u00e4rung. Bez\u00fcglich der Nutzungsbedingungen lesen Sie den Disclaimer.<\/p>\n<\/div><\/div>\n\n\n\n<p><\/p>\n","protected":false},"excerpt":{"rendered":"<p>Auf waellisch.de gibt es Artikel, Pr\u00e4sentationen und Skripte zu den Themengebieten Betriebswirtschaftslehre und Wirtschaftsinformatik. Viel Spass auch beim Music Streaming mit den besten Spotify Playlists. Design &amp; Content by Thomas W\u00e4llisch. Dies ist eine nichtkommerzielle Seite. Zum Thema Datenschutz lesen Sie unsere Datenschutzerkl\u00e4rung. Bez\u00fcglich der Nutzungsbedingungen lesen Sie den Disclaimer.<\/p>\n","protected":false},"author":1,"featured_media":0,"parent":0,"menu_order":0,"comment_status":"closed","ping_status":"open","template":"","meta":[],"_links":{"self":[{"href":"http:\/\/www.waellisch.de\/consulting\/wp-json\/wp\/v2\/pages\/2"}],"collection":[{"href":"http:\/\/www.waellisch.de\/consulting\/wp-json\/wp\/v2\/pages"}],"about":[{"href":"http:\/\/www.waellisch.de\/consulting\/wp-json\/wp\/v2\/types\/page"}],"author":[{"embeddable":true,"href":"http:\/\/www.waellisch.de\/consulting\/wp-json\/wp\/v2\/users\/1"}],"replies":[{"embeddable":true,"href":"http:\/\/www.waellisch.de\/consulting\/wp-json\/wp\/v2\/comments?post=2"}],"version-history":[{"count":16,"href":"http:\/\/www.waellisch.de\/consulting\/wp-json\/wp\/v2\/pages\/2\/revisions"}],"predecessor-version":[{"id":199,"href":"http:\/\/www.waellisch.de\/consulting\/wp-json\/wp\/v2\/pages\/2\/revisions\/199"}],"wp:attachment":[{"href":"http:\/\/www.waellisch.de\/consulting\/wp-json\/wp\/v2\/media?parent=2"}],"curies":[{"name":"wp","href":"https:\/\/api.w.org\/{rel}","templated":true}]}}